{"id":31,"date":"2020-04-13T11:18:52","date_gmt":"2020-04-13T11:18:52","guid":{"rendered":"https:\/\/veryvercors.com\/about\/"},"modified":"2021-04-21T10:58:16","modified_gmt":"2021-04-21T10:58:16","slug":"about","status":"publish","type":"page","link":"https:\/\/veryvercors.com\/fr\/about\/","title":{"rendered":"A propos"},"content":{"rendered":"<div data-elementor-type=\"wp-page\" data-elementor-id=\"31\" class=\"elementor elementor-31\">\n\t\t\t\t\t\t<section class=\"elementor-section elementor-top-section elementor-element elementor-element-5131a13e elementor-section-boxed elementor-section-height-default elementor-section-height-default\" data-id=\"5131a13e\" data-element_type=\"section\" data-settings=\"{&quot;background_background&quot;:&quot;classic&quot;}\">\n\t\t\t\t\t\t\t<div class=\"elementor-background-overlay\"><\/div>\n\t\t\t\t\t\t\t<div class=\"elementor-container elementor-column-gap-default\">\n\t\t\t\t\t<div class=\"elementor-column elementor-col-100 elementor-top-column elementor-element elementor-element-1053ca7a\" data-id=\"1053ca7a\" data-element_type=\"column\">\n\t\t\t<div class=\"elementor-widget-wrap elementor-element-populated\">\n\t\t\t\t\t\t<div class=\"elementor-element elementor-element-3d99e122 elementor-widget elementor-widget-heading\" data-id=\"3d99e122\" data-element_type=\"widget\" data-widget_type=\"heading.default\">\n\t\t\t\t<div class=\"elementor-widget-container\">\n\t\t\t<h1 class=\"elementor-heading-title elementor-size-default\">A propos<\/h1>\t\t<\/div>\n\t\t\t\t<\/div>\n\t\t\t\t\t<\/div>\n\t\t<\/div>\n\t\t\t\t\t<\/div>\n\t\t<\/section>\n\t\t\t\t<section class=\"elementor-section elementor-top-section elementor-element elementor-element-40177ae0 elementor-section-boxed elementor-section-height-default elementor-section-height-default\" data-id=\"40177ae0\" data-element_type=\"section\">\n\t\t\t\t\t\t<div class=\"elementor-container elementor-column-gap-no\">\n\t\t\t\t\t<div class=\"elementor-column elementor-col-50 elementor-top-column elementor-element elementor-element-2828f573\" data-id=\"2828f573\" data-element_type=\"column\">\n\t\t\t<div class=\"elementor-widget-wrap elementor-element-populated\">\n\t\t\t\t\t\t<div class=\"elementor-element elementor-element-68afc23b elementor-widget elementor-widget-heading\" data-id=\"68afc23b\" data-element_type=\"widget\" data-widget_type=\"heading.default\">\n\t\t\t\t<div class=\"elementor-widget-container\">\n\t\t\t<h2 class=\"elementor-heading-title elementor-size-default\">Fra\u00eechement ouvert en 2020!<\/h2>\t\t<\/div>\n\t\t\t\t<\/div>\n\t\t\t\t<div class=\"elementor-element elementor-element-6689d3f elementor-widget elementor-widget-image\" data-id=\"6689d3f\" data-element_type=\"widget\" data-widget_type=\"image.default\">\n\t\t\t\t<div class=\"elementor-widget-container\">\n\t\t\t\t\t\t\t\t\t\t\t\t\t<img decoding=\"async\" src=\"https:\/\/i0.wp.com\/veryvercors.com\/wp-content\/uploads\/2021\/04\/gav5.jpg?fit=200%2C200&#038;ssl=1\" title=\"gav5\" alt=\"gav5\" loading=\"lazy\" \/>\t\t\t\t\t\t\t\t\t\t\t\t\t<\/div>\n\t\t\t\t<\/div>\n\t\t\t\t\t<\/div>\n\t\t<\/div>\n\t\t\t\t<div class=\"elementor-column elementor-col-50 elementor-top-column elementor-element elementor-element-48096891\" data-id=\"48096891\" data-element_type=\"column\">\n\t\t\t<div class=\"elementor-widget-wrap elementor-element-populated\">\n\t\t\t\t\t\t<div class=\"elementor-element elementor-element-44ce5982 elementor-widget elementor-widget-text-editor\" data-id=\"44ce5982\" data-element_type=\"widget\" data-widget_type=\"text-editor.default\">\n\t\t\t\t<div class=\"elementor-widget-container\">\n\t\t\t\t\t\t\t<p>D'origine Anglaise, nationalis\u00e9 Fran\u00e7ais, je vis en France depuis plus de 20 ans. Inspir\u00e9 par une vie \u00e0 la campagne et la beaut\u00e9 des montagnes pr\u00e9serv\u00e9es du Vercors, j'ai r\u00e9cemment converti une ferme du 19\u00e8me si\u00e8cle en g\u00eetes dans le Sud-Est de la France au pied des montagnes du Vercors.<\/p>\t\t\t\t\t\t<\/div>\n\t\t\t\t<\/div>\n\t\t\t\t<div class=\"elementor-element elementor-element-e56ab06 elementor-widget elementor-widget-text-editor\" data-id=\"e56ab06\" data-element_type=\"widget\" data-widget_type=\"text-editor.default\">\n\t\t\t\t<div class=\"elementor-widget-container\">\n\t\t\t\t\t\t\t<p>Je peux vous fournir des informations locales et des conseils pour am\u00e9liorer vos vacances dans ce lieu pittoresque en Anglais, Fran\u00e7ais et un Allemand interm\u00e9diaire. En plus de vous accueillir, je me forme pour enseigner l'anglais. J'esp\u00e8re bient\u00f4t mettre en place des cours de langue amusants dans les g\u00eetes, d'abord l'anglais g\u00e9n\u00e9ral pour les familles, puis l'anglais des affaires pour les professionnels.<\/p>\t\t\t\t\t\t<\/div>\n\t\t\t\t<\/div>\n\t\t\t\t<div class=\"elementor-element elementor-element-41a203d elementor-widget elementor-widget-text-editor\" data-id=\"41a203d\" data-element_type=\"widget\" data-widget_type=\"text-editor.default\">\n\t\t\t\t<div class=\"elementor-widget-container\">\n\t\t\t\t\t\t\t<p>I look forward to meeting you.<\/p>\t\t\t\t\t\t<\/div>\n\t\t\t\t<\/div>\n\t\t\t\t<div class=\"elementor-element elementor-element-4ec76f84 elementor-widget elementor-widget-heading\" data-id=\"4ec76f84\" data-element_type=\"widget\" data-widget_type=\"heading.default\">\n\t\t\t\t<div class=\"elementor-widget-container\">\n\t\t\t<h3 class=\"elementor-heading-title elementor-size-medium\">Gavin<\/h3>\t\t<\/div>\n\t\t\t\t<\/div>\n\t\t\t\t\t<\/div>\n\t\t<\/div>\n\t\t\t\t\t<\/div>\n\t\t<\/section>\n\t\t\t\t<\/div>","protected":false},"excerpt":{"rendered":"<p>About Freshly opened in 2020! An English\/French national, I have been living in France for over 20 years. Inspired by a life in the countryside and the beauty of the unspoilt Vercors mountains, I recently converted a 19th century farm house into self-catering holiday accomadition in the South-East of France at the foot of the &hellip;<\/p>\n<p class=\"read-more\"> <a class=\"\" href=\"https:\/\/veryvercors.com\/fr\/about\/\"> <span class=\"screen-reader-text\">A propos<\/span> Lire la suite\u00a0\u00bb<\/a><\/p>","protected":false},"author":1,"featured_media":0,"parent":0,"menu_order":0,"comment_status":"closed","ping_status":"closed","template":"","meta":{"_monsterinsights_skip_tracking":false,"_monsterinsights_sitenote_active":false,"_monsterinsights_sitenote_note":"","_monsterinsights_sitenote_category":0,"site-sidebar-layout":"no-sidebar","site-content-layout":"page-builder","ast-site-content-layout":"","site-content-style":"default","site-sidebar-style":"default","ast-global-header-display":"","ast-banner-title-visibility":"","ast-main-header-display":"","ast-hfb-above-header-display":"","ast-hfb-below-header-display":"","ast-hfb-mobile-header-display":"","site-post-title":"disabled","ast-breadcrumbs-content":"","ast-featured-img":"","footer-sml-layout":"","theme-transparent-header-meta":"enabled","adv-header-id-meta":"","stick-header-meta":"","header-above-stick-meta":"","header-main-stick-meta":"","header-below-stick-meta":"","astra-migrate-meta-layouts":"","footnotes":""},"class_list":["post-31","page","type-page","status-publish","hentry"],"yoast_head":"<!-- This site is optimized with the Yoast SEO plugin v27.4 - https:\/\/yoast.com\/product\/yoast-seo-wordpress\/ -->\n<title>About - Very Vercors La Cl&eacute; des Champs<\/title>\n<meta name=\"robots\" content=\"index, follow, max-snippet:-1, max-image-preview:large, max-video-preview:-1\" \/>\n<link rel=\"canonical\" href=\"https:\/\/veryvercors.com\/fr\/about\/\" \/>\n<meta property=\"og:locale\" content=\"fr_FR\" \/>\n<meta property=\"og:type\" content=\"article\" \/>\n<meta property=\"og:title\" content=\"About - Very Vercors La Cl&eacute; des Champs\" \/>\n<meta property=\"og:description\" content=\"About Freshly opened in 2020! An English\/French national, I have been living in France for over 20 years. Inspired by a life in the countryside and the beauty of the unspoilt Vercors mountains, I recently converted a 19th century farm house into self-catering holiday accomadition in the South-East of France at the foot of the &hellip; About Lire la suite\u00a0\u00bb\" \/>\n<meta property=\"og:url\" content=\"https:\/\/veryvercors.com\/fr\/about\/\" \/>\n<meta property=\"og:site_name\" content=\"Very Vercors La Cl&eacute; des Champs\" \/>\n<meta property=\"article:modified_time\" content=\"2021-04-21T10:58:16+00:00\" \/>\n<meta property=\"og:image\" content=\"https:\/\/veryvercors.com\/wp-content\/uploads\/elementor\/thumbs\/gav5-p5ex3rnp9fk4fnivvdgieoc0ecd6n671f2f07ce21c.jpg\" \/>\n<meta name=\"twitter:card\" content=\"summary_large_image\" \/>\n<meta name=\"twitter:label1\" content=\"Dur\u00e9e de lecture estim\u00e9e\" \/>\n\t<meta name=\"twitter:data1\" content=\"1 minute\" \/>\n<script type=\"application\/ld+json\" class=\"yoast-schema-graph\">{\"@context\":\"https:\\\/\\\/schema.org\",\"@graph\":[{\"@type\":\"WebPage\",\"@id\":\"https:\\\/\\\/veryvercors.com\\\/about\\\/\",\"url\":\"https:\\\/\\\/veryvercors.com\\\/about\\\/\",\"name\":\"About - Very Vercors La Cl&eacute; des Champs\",\"isPartOf\":{\"@id\":\"https:\\\/\\\/veryvercors.com\\\/#website\"},\"primaryImageOfPage\":{\"@id\":\"https:\\\/\\\/veryvercors.com\\\/about\\\/#primaryimage\"},\"image\":{\"@id\":\"https:\\\/\\\/veryvercors.com\\\/about\\\/#primaryimage\"},\"thumbnailUrl\":\"https:\\\/\\\/veryvercors.com\\\/wp-content\\\/uploads\\\/elementor\\\/thumbs\\\/gav5-p5ex3rnp9fk4fnivvdgieoc0ecd6n671f2f07ce21c.jpg\",\"datePublished\":\"2020-04-13T11:18:52+00:00\",\"dateModified\":\"2021-04-21T10:58:16+00:00\",\"breadcrumb\":{\"@id\":\"https:\\\/\\\/veryvercors.com\\\/about\\\/#breadcrumb\"},\"inLanguage\":\"fr-FR\",\"potentialAction\":[{\"@type\":\"ReadAction\",\"target\":[\"https:\\\/\\\/veryvercors.com\\\/about\\\/\"]}]},{\"@type\":\"ImageObject\",\"inLanguage\":\"fr-FR\",\"@id\":\"https:\\\/\\\/veryvercors.com\\\/about\\\/#primaryimage\",\"url\":\"https:\\\/\\\/veryvercors.com\\\/wp-content\\\/uploads\\\/elementor\\\/thumbs\\\/gav5-p5ex3rnp9fk4fnivvdgieoc0ecd6n671f2f07ce21c.jpg\",\"contentUrl\":\"https:\\\/\\\/veryvercors.com\\\/wp-content\\\/uploads\\\/elementor\\\/thumbs\\\/gav5-p5ex3rnp9fk4fnivvdgieoc0ecd6n671f2f07ce21c.jpg\"},{\"@type\":\"BreadcrumbList\",\"@id\":\"https:\\\/\\\/veryvercors.com\\\/about\\\/#breadcrumb\",\"itemListElement\":[{\"@type\":\"ListItem\",\"position\":1,\"name\":\"Home\",\"item\":\"https:\\\/\\\/veryvercors.com\\\/\"},{\"@type\":\"ListItem\",\"position\":2,\"name\":\"About\"}]},{\"@type\":\"WebSite\",\"@id\":\"https:\\\/\\\/veryvercors.com\\\/#website\",\"url\":\"https:\\\/\\\/veryvercors.com\\\/\",\"name\":\"Very Vercors La Cl&eacute; des Champs\",\"description\":\"Guest houses Gites Self-catering accomadation Vercors mountains\",\"potentialAction\":[{\"@type\":\"SearchAction\",\"target\":{\"@type\":\"EntryPoint\",\"urlTemplate\":\"https:\\\/\\\/veryvercors.com\\\/?s={search_term_string}\"},\"query-input\":{\"@type\":\"PropertyValueSpecification\",\"valueRequired\":true,\"valueName\":\"search_term_string\"}}],\"inLanguage\":\"fr-FR\"}]}<\/script>\n<!-- \/ Yoast SEO plugin. -->","yoast_head_json":{"title":"About - Very Vercors La Cl&eacute; des Champs","robots":{"index":"index","follow":"follow","max-snippet":"max-snippet:-1","max-image-preview":"max-image-preview:large","max-video-preview":"max-video-preview:-1"},"canonical":"https:\/\/veryvercors.com\/fr\/about\/","og_locale":"fr_FR","og_type":"article","og_title":"About - Very Vercors La Cl&eacute; des Champs","og_description":"About Freshly opened in 2020! An English\/French national, I have been living in France for over 20 years. Inspired by a life in the countryside and the beauty of the unspoilt Vercors mountains, I recently converted a 19th century farm house into self-catering holiday accomadition in the South-East of France at the foot of the &hellip; About Lire la suite\u00a0\u00bb","og_url":"https:\/\/veryvercors.com\/fr\/about\/","og_site_name":"Very Vercors La Cl&eacute; des Champs","article_modified_time":"2021-04-21T10:58:16+00:00","og_image":[{"url":"https:\/\/veryvercors.com\/wp-content\/uploads\/elementor\/thumbs\/gav5-p5ex3rnp9fk4fnivvdgieoc0ecd6n671f2f07ce21c.jpg","type":"","width":"","height":""}],"twitter_card":"summary_large_image","twitter_misc":{"Dur\u00e9e de lecture estim\u00e9e":"1 minute"},"schema":{"@context":"https:\/\/schema.org","@graph":[{"@type":"WebPage","@id":"https:\/\/veryvercors.com\/about\/","url":"https:\/\/veryvercors.com\/about\/","name":"About - Very Vercors La Cl&eacute; des Champs","isPartOf":{"@id":"https:\/\/veryvercors.com\/#website"},"primaryImageOfPage":{"@id":"https:\/\/veryvercors.com\/about\/#primaryimage"},"image":{"@id":"https:\/\/veryvercors.com\/about\/#primaryimage"},"thumbnailUrl":"https:\/\/veryvercors.com\/wp-content\/uploads\/elementor\/thumbs\/gav5-p5ex3rnp9fk4fnivvdgieoc0ecd6n671f2f07ce21c.jpg","datePublished":"2020-04-13T11:18:52+00:00","dateModified":"2021-04-21T10:58:16+00:00","breadcrumb":{"@id":"https:\/\/veryvercors.com\/about\/#breadcrumb"},"inLanguage":"fr-FR","potentialAction":[{"@type":"ReadAction","target":["https:\/\/veryvercors.com\/about\/"]}]},{"@type":"ImageObject","inLanguage":"fr-FR","@id":"https:\/\/veryvercors.com\/about\/#primaryimage","url":"https:\/\/veryvercors.com\/wp-content\/uploads\/elementor\/thumbs\/gav5-p5ex3rnp9fk4fnivvdgieoc0ecd6n671f2f07ce21c.jpg","contentUrl":"https:\/\/veryvercors.com\/wp-content\/uploads\/elementor\/thumbs\/gav5-p5ex3rnp9fk4fnivvdgieoc0ecd6n671f2f07ce21c.jpg"},{"@type":"BreadcrumbList","@id":"https:\/\/veryvercors.com\/about\/#breadcrumb","itemListElement":[{"@type":"ListItem","position":1,"name":"Home","item":"https:\/\/veryvercors.com\/"},{"@type":"ListItem","position":2,"name":"About"}]},{"@type":"WebSite","@id":"https:\/\/veryvercors.com\/#website","url":"https:\/\/veryvercors.com\/","name":"Very Vercors La Cl&eacute; des Champs","description":"Guest houses Gites Self-catering accomadation Vercors mountains","potentialAction":[{"@type":"SearchAction","target":{"@type":"EntryPoint","urlTemplate":"https:\/\/veryvercors.com\/?s={search_term_string}"},"query-input":{"@type":"PropertyValueSpecification","valueRequired":true,"valueName":"search_term_string"}}],"inLanguage":"fr-FR"}]}},"jetpack_sharing_enabled":true,"_links":{"self":[{"href":"https:\/\/veryvercors.com\/fr\/wp-json\/wp\/v2\/pages\/31","targetHints":{"allow":["GET"]}}],"collection":[{"href":"https:\/\/veryvercors.com\/fr\/wp-json\/wp\/v2\/pages"}],"about":[{"href":"https:\/\/veryvercors.com\/fr\/wp-json\/wp\/v2\/types\/page"}],"author":[{"embeddable":true,"href":"https:\/\/veryvercors.com\/fr\/wp-json\/wp\/v2\/users\/1"}],"replies":[{"embeddable":true,"href":"https:\/\/veryvercors.com\/fr\/wp-json\/wp\/v2\/comments?post=31"}],"version-history":[{"count":24,"href":"https:\/\/veryvercors.com\/fr\/wp-json\/wp\/v2\/pages\/31\/revisions"}],"predecessor-version":[{"id":721,"href":"https:\/\/veryvercors.com\/fr\/wp-json\/wp\/v2\/pages\/31\/revisions\/721"}],"wp:attachment":[{"href":"https:\/\/veryvercors.com\/fr\/wp-json\/wp\/v2\/media?parent=31"}],"curies":[{"name":"wp","href":"https:\/\/api.w.org\/{rel}","templated":true}]}}